{"id":1274,"date":"2026-03-09T22:33:57","date_gmt":"2026-03-09T20:33:57","guid":{"rendered":"https:\/\/bonsai.lv\/?page_id=1274"},"modified":"2026-03-11T19:09:28","modified_gmt":"2026-03-11T17:09:28","slug":"pakalpojumu-rezervacija","status":"publish","type":"page","link":"https:\/\/bonsai.lv\/eng\/pakalpojumu-rezervacija\/","title":{"rendered":"Pakalpojumu rezerv\u0101cija"},"content":{"rendered":"\t\t<div data-elementor-type=\"wp-page\" data-elementor-id=\"1274\" class=\"elementor elementor-1274\" data-elementor-post-type=\"page\">\n\t\t\t\t<div class=\"elementor-element elementor-element-d185918 e-flex e-con-boxed e-con e-parent\" data-id=\"d185918\" data-element_type=\"container\" data-e-type=\"container\">\n\t\t\t\t\t<div class=\"e-con-inner\">\n\t\t\t\t<div class=\"elementor-element elementor-element-aaf0cb4 elementor-widget elementor-widget-bookly-widget-bookly-form\" data-id=\"aaf0cb4\" data-element_type=\"widget\" data-e-type=\"widget\" id=\"rezervet\" data-widget_type=\"bookly-widget-bookly-form.default\">\n\t\t\t\t<div class=\"elementor-widget-container\">\n\t\t\t\t\t<!--\nPlugin Name: Bookly - Responsive WordPress Appointment Booking and Scheduling Plugin\nPlugin URI: https:\/\/www.booking-wp-plugin.com\/?utm_source=bookly_admin&utm_medium=plugins_page&utm_campaign=plugins_page\nVersion: 27.1-->\n<style type=\"text\/css\">\n    :root {\n        --bookly-main-color: #3e703d !important;\n        --bookly-color: #3e703d !important;\n    }\n\n        \/* 1. VISI TEKSTI UZ ZA\u013b\u0100 FONA (virsraksti, datums, info) - ROZ\u0100 *\/\n.bookly-form, \n.bookly-form label, \n.bookly-form input,\n.bookly-form .bookly-service-info,\n.bookly-form .bookly-js-date {\n    color: #f6928e !important;\n    border-color: #f6928e !important;\n}\n\n\/* 2. IZKRITO\u0160IE LOGI (Kategorija) - Balts fons, bet burti MELNI (lai var izlas\u012bt) *\/\n.bookly-form select {\n    background-color: #ffffff !important;\n    color: #000000 !important;\n}\n\n\/* 3. BALTAIS IZLECO\u0160AIS KALEND\u0100RS - Cipari tum\u0161i *\/\n.picker__day {\n    color: #333333 !important;\n}\n.picker__weekday {\n    color: #666666 !important;\n}\n.picker__month, .picker__year {\n    color: #f6928e !important;\n}\n\n\/* 4. POGA T\u0100L\u0100K *\/\n.bookly-form .bookly-next-step, .bookly-form .bookly-btn {\n    background-color: #f6928e !important;\n    color: #ffffff !important;\n}\n\n\/* 5. PROGRESA JOSLA *\/\n.bookly-form .bookly-progress-bar .bookly-step.active {\n    background-color: #f6928e !important;\n}\n\/* Padar\u0101m Bookly pogas vien\u0101das un elegant\u0101kas *\/\n.bookly-form .bookly-next-step, \n.bookly-form .bookly-back-step, \n.bookly-form .bookly-btn {\n    min-width: 120px !important; \/* Visas pogas vien\u0101d\u0101 platum\u0101 *\/\n    padding: 8px 15px !important; \/* Nedaudz \u0161aur\u0101kas\/smalk\u0101kas *\/\n    font-size: 14px !important; \/* Smalk\u0101ki burti *\/\n    border-radius: 4px !important; \/* Nedaudz as\u0101ki st\u016bri (profesion\u0101l\u0101k) *\/\n    text-transform: uppercase !important; \/* Visi lielie burti vienot\u012bbai *\/\n    letter-spacing: 1px !important; \/* Atstarpe starp burtiem elegancei *\/\n    transition: all 0.3s ease !important; \/* Maiga p\u0101reja, kad uzb\u012bda peli *\/\n}\n\n\/* Pogas novietojums - nedaudz vair\u0101k vietas ap t\u0101m *\/\n.bookly-form .bookly-footer {\n    margin-top: 25px !important;\n    display: flex !important;\n    justify-content: flex-end !important; \/* Noliek pogas labaj\u0101 pus\u0113 *\/\n    gap: 15px !important; \/* Atstarpe starp pog\u0101m \"Atpaka\u013c\" un \"T\u0101l\u0101k\" *\/\n}\n\/* Maz\u0101kas un elegant\u0101kas aug\u0161\u0113j\u0101s pogas *\/\na.elementor-button, .elementor-button-link, .button, button {\n    min-width: 140px !important; \/* \u0160aur\u0101kas *\/\n    padding: 8px 16px !important; \/* Pl\u0101n\u0101kas\/zem\u0101kas *\/\n    font-size: 13px !important; \/* Nedaudz maz\u0101ki burti *\/\n    text-align: center !important;\n    margin: 5px !important;\n    display: inline-block !important;\n    line-height: 1.2 !important;\n}\n\/* Padar\u0101m Bookly (kalend\u0101ra) pogas tie\u0161i tikpat elegantas *\/\n.bookly-form .bookly-next-step, \n.bookly-form .bookly-back-step, \n.bookly-form .bookly-submit-button,\n.bookly-form .bookly-btn {\n    min-width: 140px !important; \/* Tas pats platums, kas aug\u0161\u0113j\u0101m *\/\n    padding: 8px 16px !important; \/* T\u0101ds pats pl\u0101numas *\/\n    font-size: 13px !important;   \/* Tie pa\u0161i smalkie burti *\/\n    height: auto !important;      \/* No\u0146emam lieko resnumu *\/\n    line-height: 1.2 !important;\n    text-transform: uppercase !important; \/* Vienot\u012bbai visi lielie burti *\/\n    border-radius: 4px !important;\n}\n\n\/* Sak\u0101rtojam pogu joslu apak\u0161\u0101, lai nav lieku spraugu *\/\n.bookly-form .bookly-footer {\n    padding-top: 15px !important;\n    display: flex !important;\n    justify-content: flex-end !important;\n}\n\/* Atgrie\u017eam ROZ\u0100 kr\u0101su un saglab\u0101jam SMALKO izm\u0113ru *\/\ndiv.bookly-form .bookly-footer .bookly-next-step, \ndiv.bookly-form .bookly-footer .bookly-submit-button {\n    background-color: #f6928e !important; \/* ROZ\u0100 fons *\/\n    color: #ffffff !important;           \/* Balti burti *\/\n    min-width: 140px !important;         \/* Smalkais platums *\/\n    padding: 8px 16px !important;        \/* Smalkais augstums *\/\n    height: auto !important;\n    min-height: 0 !important;\n    font-size: 13px !important;\n    line-height: 1.5 !important;\n    border: none !important;             \/* No\u0146em za\u013c\u0101s apmales, ja t\u0101das ir *\/\n}\n\n\/* Poga \"ATPAKA\u013b\" - lai t\u0101 ir neitr\u0101l\u0101ka vai t\u0101da pati roz\u0101 *\/\ndiv.bookly-form .bookly-footer .bookly-back-step {\n    background-color: #f6928e !important;\n    color: #ffffff !important;\n    min-width: 100px !important;\n    padding: 6px 14px !important;\n    height: auto !important;\n    font-size: 11px !important;\n}    <\/style><div class=\"bookly-css-root\">\n    <div id=\"bookly-form-container-69f3112681363\" class=\"bookly-form\" data-form_id=\"\" aria-live=\"polite\">\n        <div style=\"text-align: center\"><img decoding=\"async\" src=\"https:\/\/bonsai.lv\/wp-includes\/js\/tinymce\/skins\/lightgray\/img\/loader.gif\" alt=\"Loading...\"\/><\/div>\n    <\/div>\n<\/div>\n<script type=\"text\/javascript\">\n    (function (win, fn) {\n        var done = false, top = true,\n            doc = win.document,\n            root = doc.documentElement,\n            modern = doc.addEventListener,\n            add = modern ? 'addEventListener' : 'attachEvent',\n            rem = modern ? 'removeEventListener' : 'detachEvent',\n            pre = modern ? '' : 'on',\n            init = function (e) {\n                if (e.type == 'readystatechange') if (doc.readyState != 'complete') return;\n                (e.type == 'load' ? win : doc)[rem](pre + e.type, init, false);\n                if (!done) {\n                    done = true;\n                    fn.call(win, e.type || e);\n                }\n            },\n            poll = function () {\n                try {\n                    root.doScroll('left');\n                } catch (e) {\n                    setTimeout(poll, 50);\n                    return;\n                }\n                init('poll');\n            };\n        if (doc.readyState == 'complete') fn.call(win, 'lazy');\n        else {\n            if (!modern) if (root.doScroll) {\n                try {\n                    top = !win.frameElement;\n                } catch (e) {\n                }\n                if (top) poll();\n            }\n            doc[add](pre + 'DOMContentLoaded', init, false);\n            doc[add](pre + 'readystatechange', init, false);\n            win[add](pre + 'load', init, false);\n        }\n    })(window, function () {\n        window.bookly( {\"form_id\":\"69f3112681363\",\"form_data\":{\"skip_service_step\":0,\"hide_service_part1\":0,\"hide_service_part2\":0,\"defaults\":{\"service_id\":0,\"staff_id\":1,\"location_id\":0,\"category_id\":0,\"units\":0,\"date_from\":0,\"time_from\":0,\"time_to\":0}},\"status\":{\"booking\":\"new\"},\"form_token\":null,\"skip_steps\":{\"service_part1\":0,\"service_part2\":0,\"extras\":1,\"time\":0,\"repeat\":1,\"cart\":1},\"errors\":{\"session_error\":\"Session error.\",\"form_id_error\":\"Form ID error.\",\"cart_item_not_available\":\"Izv\\u0113l\\u0113tais laiks vairs nav pieejams. L\\u016bdzu, izv\\u0113lieties citu laika interv\\u0101lu.\",\"pay_locally_not_available\":\"Pay locally is not available.\",\"invalid_gateway\":\"Invalid gateway.\",\"payment_error\":\"Error.\",\"incorrect_username_password\":\"Incorrect username or password.\"},\"form_attributes\":{\"hide_categories\":false,\"hide_services\":false,\"hide_staff_members\":true,\"show_number_of_persons\":false,\"hide_service_duration\":true,\"hide_locations\":true,\"hide_quantity\":true,\"hide_date\":false,\"hide_week_days\":false,\"hide_time_range\":false},\"use_client_time_zone\":0,\"defaults\":{\"service_id\":0,\"staff_id\":1,\"location_id\":0,\"category_id\":0},\"datepicker_mode\":\"text-accent\"} );\n    });\n<\/script>\t\t\t\t<\/div>\n\t\t\t\t<\/div>\n\t\t\t\t\t<\/div>\n\t\t\t\t<\/div>\n\t\t\t\t<\/div>\n\t\t","protected":false},"excerpt":{"rendered":"","protected":false},"author":2,"featured_media":0,"parent":0,"menu_order":0,"comment_status":"closed","ping_status":"closed","template":"","meta":{"footnotes":""},"class_list":["post-1274","page","type-page","status-publish","hentry"],"yoast_head":"<!-- This site is optimized with the Yoast SEO plugin v27.1.1 - https:\/\/yoast.com\/product\/yoast-seo-wordpress\/ -->\n<title>Pakalpojumu rezerv\u0101cija - Bonsai.lv<\/title>\n<meta name=\"robots\" content=\"index, follow, max-snippet:-1, max-image-preview:large, max-video-preview:-1\" \/>\n<link rel=\"canonical\" href=\"https:\/\/bonsai.lv\/eng\/pakalpojumu-rezervacija\/\" \/>\n<meta property=\"og:locale\" content=\"en_GB\" \/>\n<meta property=\"og:type\" content=\"article\" \/>\n<meta property=\"og:title\" content=\"Pakalpojumu rezerv\u0101cija - Bonsai.lv\" \/>\n<meta property=\"og:url\" content=\"https:\/\/bonsai.lv\/eng\/pakalpojumu-rezervacija\/\" \/>\n<meta property=\"og:site_name\" content=\"Bonsai.lv\" \/>\n<meta property=\"article:publisher\" content=\"https:\/\/www.facebook.com\/BalticPark\" \/>\n<meta property=\"article:modified_time\" content=\"2026-03-11T17:09:28+00:00\" \/>\n<meta name=\"twitter:card\" content=\"summary_large_image\" \/>\n<meta name=\"twitter:label1\" content=\"Estimated reading time\" \/>\n\t<meta name=\"twitter:data1\" content=\"1 minute\" \/>\n<script type=\"application\/ld+json\" class=\"yoast-schema-graph\">{\"@context\":\"https:\/\/schema.org\",\"@graph\":[{\"@type\":\"WebPage\",\"@id\":\"https:\/\/bonsai.lv\/pakalpojumu-rezervacija\/\",\"url\":\"https:\/\/bonsai.lv\/pakalpojumu-rezervacija\/\",\"name\":\"Pakalpojumu rezerv\u0101cija - Bonsai.lv\",\"isPartOf\":{\"@id\":\"https:\/\/bonsai.lv\/eng\/#website\"},\"datePublished\":\"2026-03-09T20:33:57+00:00\",\"dateModified\":\"2026-03-11T17:09:28+00:00\",\"breadcrumb\":{\"@id\":\"https:\/\/bonsai.lv\/pakalpojumu-rezervacija\/#breadcrumb\"},\"inLanguage\":\"en-GB\",\"potentialAction\":[{\"@type\":\"ReadAction\",\"target\":[\"https:\/\/bonsai.lv\/pakalpojumu-rezervacija\/\"]}]},{\"@type\":\"BreadcrumbList\",\"@id\":\"https:\/\/bonsai.lv\/pakalpojumu-rezervacija\/#breadcrumb\",\"itemListElement\":[{\"@type\":\"ListItem\",\"position\":1,\"name\":\"Home\",\"item\":\"https:\/\/bonsai.lv\/\"},{\"@type\":\"ListItem\",\"position\":2,\"name\":\"Pakalpojumu rezerv\u0101cija\"}]},{\"@type\":\"WebSite\",\"@id\":\"https:\/\/bonsai.lv\/eng\/#website\",\"url\":\"https:\/\/bonsai.lv\/eng\/\",\"name\":\"Bonsai.lv\",\"description\":\"Tie\u0161i Tev!\",\"publisher\":{\"@id\":\"https:\/\/bonsai.lv\/eng\/#organization\"},\"potentialAction\":[{\"@type\":\"SearchAction\",\"target\":{\"@type\":\"EntryPoint\",\"urlTemplate\":\"https:\/\/bonsai.lv\/eng\/?s={search_term_string}\"},\"query-input\":{\"@type\":\"PropertyValueSpecification\",\"valueRequired\":true,\"valueName\":\"search_term_string\"}}],\"inLanguage\":\"en-GB\"},{\"@type\":\"Organization\",\"@id\":\"https:\/\/bonsai.lv\/eng\/#organization\",\"name\":\"SIA Bonsai International\",\"url\":\"https:\/\/bonsai.lv\/eng\/\",\"logo\":{\"@type\":\"ImageObject\",\"inLanguage\":\"en-GB\",\"@id\":\"https:\/\/bonsai.lv\/eng\/#\/schema\/logo\/image\/\",\"url\":\"https:\/\/bonsai.lv\/wp-content\/uploads\/2025\/02\/Bonsaipark-avatar-logo-02.jpg\",\"contentUrl\":\"https:\/\/bonsai.lv\/wp-content\/uploads\/2025\/02\/Bonsaipark-avatar-logo-02.jpg\",\"width\":2251,\"height\":2250,\"caption\":\"SIA Bonsai International\"},\"image\":{\"@id\":\"https:\/\/bonsai.lv\/eng\/#\/schema\/logo\/image\/\"},\"sameAs\":[\"https:\/\/www.facebook.com\/BalticPark\"]}]}<\/script>\n<!-- \/ Yoast SEO plugin. -->","yoast_head_json":{"title":"Pakalpojumu rezerv\u0101cija - Bonsai.lv","robots":{"index":"index","follow":"follow","max-snippet":"max-snippet:-1","max-image-preview":"max-image-preview:large","max-video-preview":"max-video-preview:-1"},"canonical":"https:\/\/bonsai.lv\/eng\/pakalpojumu-rezervacija\/","og_locale":"en_GB","og_type":"article","og_title":"Pakalpojumu rezerv\u0101cija - Bonsai.lv","og_url":"https:\/\/bonsai.lv\/eng\/pakalpojumu-rezervacija\/","og_site_name":"Bonsai.lv","article_publisher":"https:\/\/www.facebook.com\/BalticPark","article_modified_time":"2026-03-11T17:09:28+00:00","twitter_card":"summary_large_image","twitter_misc":{"Estimated reading time":"1 minute"},"schema":{"@context":"https:\/\/schema.org","@graph":[{"@type":"WebPage","@id":"https:\/\/bonsai.lv\/pakalpojumu-rezervacija\/","url":"https:\/\/bonsai.lv\/pakalpojumu-rezervacija\/","name":"Pakalpojumu rezerv\u0101cija - Bonsai.lv","isPartOf":{"@id":"https:\/\/bonsai.lv\/eng\/#website"},"datePublished":"2026-03-09T20:33:57+00:00","dateModified":"2026-03-11T17:09:28+00:00","breadcrumb":{"@id":"https:\/\/bonsai.lv\/pakalpojumu-rezervacija\/#breadcrumb"},"inLanguage":"en-GB","potentialAction":[{"@type":"ReadAction","target":["https:\/\/bonsai.lv\/pakalpojumu-rezervacija\/"]}]},{"@type":"BreadcrumbList","@id":"https:\/\/bonsai.lv\/pakalpojumu-rezervacija\/#breadcrumb","itemListElement":[{"@type":"ListItem","position":1,"name":"Home","item":"https:\/\/bonsai.lv\/"},{"@type":"ListItem","position":2,"name":"Pakalpojumu rezerv\u0101cija"}]},{"@type":"WebSite","@id":"https:\/\/bonsai.lv\/eng\/#website","url":"https:\/\/bonsai.lv\/eng\/","name":"Bonsai.lv","description":"Tie\u0161i Tev!","publisher":{"@id":"https:\/\/bonsai.lv\/eng\/#organization"},"potentialAction":[{"@type":"SearchAction","target":{"@type":"EntryPoint","urlTemplate":"https:\/\/bonsai.lv\/eng\/?s={search_term_string}"},"query-input":{"@type":"PropertyValueSpecification","valueRequired":true,"valueName":"search_term_string"}}],"inLanguage":"en-GB"},{"@type":"Organization","@id":"https:\/\/bonsai.lv\/eng\/#organization","name":"SIA Bonsai International","url":"https:\/\/bonsai.lv\/eng\/","logo":{"@type":"ImageObject","inLanguage":"en-GB","@id":"https:\/\/bonsai.lv\/eng\/#\/schema\/logo\/image\/","url":"https:\/\/bonsai.lv\/wp-content\/uploads\/2025\/02\/Bonsaipark-avatar-logo-02.jpg","contentUrl":"https:\/\/bonsai.lv\/wp-content\/uploads\/2025\/02\/Bonsaipark-avatar-logo-02.jpg","width":2251,"height":2250,"caption":"SIA Bonsai International"},"image":{"@id":"https:\/\/bonsai.lv\/eng\/#\/schema\/logo\/image\/"},"sameAs":["https:\/\/www.facebook.com\/BalticPark"]}]}},"_links":{"self":[{"href":"https:\/\/bonsai.lv\/eng\/wp-json\/wp\/v2\/pages\/1274","targetHints":{"allow":["GET"]}}],"collection":[{"href":"https:\/\/bonsai.lv\/eng\/wp-json\/wp\/v2\/pages"}],"about":[{"href":"https:\/\/bonsai.lv\/eng\/wp-json\/wp\/v2\/types\/page"}],"author":[{"embeddable":true,"href":"https:\/\/bonsai.lv\/eng\/wp-json\/wp\/v2\/users\/2"}],"replies":[{"embeddable":true,"href":"https:\/\/bonsai.lv\/eng\/wp-json\/wp\/v2\/comments?post=1274"}],"version-history":[{"count":0,"href":"https:\/\/bonsai.lv\/eng\/wp-json\/wp\/v2\/pages\/1274\/revisions"}],"wp:attachment":[{"href":"https:\/\/bonsai.lv\/eng\/wp-json\/wp\/v2\/media?parent=1274"}],"curies":[{"name":"wp","href":"https:\/\/api.w.org\/{rel}","templated":true}]}}