{"id":1560,"date":"2026-03-17T15:46:14","date_gmt":"2026-03-17T13:46:14","guid":{"rendered":"https:\/\/bonsai.lv\/?page_id=1560"},"modified":"2026-03-17T20:25:31","modified_gmt":"2026-03-17T18:25:31","slug":"notikumi","status":"publish","type":"page","link":"https:\/\/bonsai.lv\/eng\/notikumi\/","title":{"rendered":"EVENTS"},"content":{"rendered":"<div data-elementor-type=\"wp-page\" data-elementor-id=\"1560\" class=\"elementor elementor-1560\" data-elementor-post-type=\"page\">\n\t\t\t\t<div class=\"elementor-element elementor-element-2d831a2b e-flex e-con-boxed e-con e-parent\" data-id=\"2d831a2b\" data-element_type=\"container\" data-e-type=\"container\">\n\t\t\t\t\t<div class=\"e-con-inner\">\n\t\t\t\t<div class=\"elementor-element elementor-element-dece307 elementor-widget elementor-widget-heading\" data-id=\"dece307\" data-element_type=\"widget\" data-e-type=\"widget\" data-widget_type=\"heading.default\">\n\t\t\t\t<div class=\"elementor-widget-container\">\n\t\t\t\t\t<h1 class=\"elementor-heading-title elementor-size-default\">EVENTS<\/h1>\t\t\t\t<\/div>\n\t\t\t\t<\/div>\n\t\t\t\t<div class=\"elementor-element elementor-element-2e6e6da1 elementor-widget elementor-widget-text-editor\" data-id=\"2e6e6da1\" data-element_type=\"widget\" data-e-type=\"widget\" data-widget_type=\"text-editor.default\">\n\t\t\t\t<div class=\"elementor-widget-container\">\n\t\t\t\t\t\t\t\t\t<p style=\"text-align: center;\">A new beginning on the path to Bonsai Park \u2013 <strong>STEM<\/strong> in the educational program!\u00a0<\/p>\n<p><!-- \/wp:paragraph --><!-- wp:image {\"id\":1563,\"aspectRatio\":\"4\/3\",\"scale\":\"cover\",\"sizeSlug\":\"large\",\"linkDestination\":\"none\"} --><\/p>\n<figure class=\"wp-block-image size-large\"><img fetchpriority=\"high\" decoding=\"async\" width=\"1200\" height=\"1052\" class=\"wp-image-1563\" style=\"aspect-ratio: 4\/3; object-fit: cover;\" src=\"https:\/\/bonsai.lv\/wp-content\/uploads\/2026\/03\/stem2-1200x1052.jpeg\" alt=\"STEM projekta ietvaros programmas &quot;Bonsai ce\u013cojums ekosist\u0113m\u0101&quot; skolnieku grupi\u0146a veido savu ekosist\u0113mu, izmantojot maz\u0101s pried\u012btes\" srcset=\"https:\/\/bonsai.lv\/wp-content\/uploads\/2026\/03\/stem2-1200x1052.jpeg 1200w, https:\/\/bonsai.lv\/wp-content\/uploads\/2026\/03\/stem2-500x438.jpeg 500w, https:\/\/bonsai.lv\/wp-content\/uploads\/2026\/03\/stem2-300x263.jpeg 300w, https:\/\/bonsai.lv\/wp-content\/uploads\/2026\/03\/stem2-768x673.jpeg 768w, https:\/\/bonsai.lv\/wp-content\/uploads\/2026\/03\/stem2-1536x1346.jpeg 1536w, https:\/\/bonsai.lv\/wp-content\/uploads\/2026\/03\/stem2-14x12.jpeg 14w, https:\/\/bonsai.lv\/wp-content\/uploads\/2026\/03\/stem2.jpeg 2048w\" sizes=\"(max-width: 1200px) 100vw, 1200px\" \/><\/figure>\n<p><!-- \/wp:image --><!-- wp:paragraph --><\/p>\n<p>We believe that understanding the balance of nature begins in childhood. Through the art of bonsai, we teach patience, responsibility, and the processes of nature.<\/p>\n<p><!-- \/wp:paragraph --><!-- wp:heading {\"textAlign\":\"center\"} --><\/p>\n<h2 class=\"wp-block-heading has-text-align-center\"><span style=\"color: #00ff00;\">Bonsai Journey in the Ecosystem<\/span><\/h2>\n<p><!-- \/wp:heading --><!-- wp:paragraph --><\/p>\n<p><span style=\"color: #ffffff;\">is a specially designed program for students in grades 4\u20136, in which the creator of the Bonsai Park, SESS trainer, Bonsai master <strong>Inga Valtere<\/strong> helps to reveal the secrets of ecosystems. This is not just a theoretical story, but a creative and practical journey that combines nature learning with creative self-expression. The program was created within the framework of the ESF Plus project No. 4.2.2.1\/1\/25\/I\/001 \u201cSTEM and civic participation events for a broader educational experience and career choice\u201d.<\/span><\/p>\n<p><!-- \/wp:paragraph --><!-- wp:paragraph --><\/p>\n<p>Want to sign up for a group or learn more?<\/p>\n<p><!-- \/wp:paragraph --><!-- wp:paragraph --><\/p>\n<p>Write to us at <a href=\"https:\/\/bonsai.lv\/eng\/#kontakti\">vestules@bonsai.lv<\/a> or call mobile 29465119<\/p>\n<p><!-- \/wp:paragraph --><!-- wp:paragraph --><\/p>\n<p><!-- \/wp:paragraph --><\/p>\t\t\t\t\t\t\t\t<\/div>\n\t\t\t\t<\/div>\n\t\t\t\t\t<\/div>\n\t\t\t\t<\/div>\n\t\t\t\t<\/div>","protected":false},"excerpt":{"rendered":"<p>NOTIKUMI Jauns s\u0101kums Bonsai parka ce\u013c\u0101 \u2013 STEM izgl\u012bt\u012bbas programm\u0101!\u00a0 M\u0113s ticam, ka dabas l\u012bdzsvara izpratne s\u0101kas jau b\u0113rn\u012bb\u0101. Caur bonsai m\u0101kslu m\u0113s m\u0101c\u0101m paciet\u012bbu, atbild\u012bbu un dabas procesus. Bonsai Ce\u013cojums Ekosist\u0113m\u0101 ir \u012bpa\u0161i izstr\u0101d\u0101ta programma 4.\u20136. kla\u0161u skol\u0113niem, kur\u0101 Bonsai parka rad\u012bt\u0101ja, SESS trenere, Bonsai meistare Inga Valtere pal\u012bdz atkl\u0101t ekosist\u0113mu nosl\u0113pumus. \u0160is nav [&hellip;]<\/p>\n","protected":false},"author":2,"featured_media":0,"parent":0,"menu_order":0,"comment_status":"closed","ping_status":"closed","template":"elementor_header_footer","meta":{"footnotes":""},"class_list":["post-1560","page","type-page","status-publish","hentry"],"yoast_head":"<!-- This site is optimized with the Yoast SEO plugin v27.1.1 - https:\/\/yoast.com\/product\/yoast-seo-wordpress\/ -->\n<title>NOTIKUMI - Bonsai.lv<\/title>\n<meta name=\"description\" content=\"\u012apa\u0161i izstr\u0101d\u0101ta programma 4.\u20136. kla\u0161u skol\u0113niem, atkl\u0101jot ekosist\u0113mu nosl\u0113pumus - kop\u012bgs rado\u0161s un praktisks ce\u013cojums.\" \/>\n<meta name=\"robots\" content=\"index, follow, max-snippet:-1, max-image-preview:large, max-video-preview:-1\" \/>\n<link rel=\"canonical\" href=\"https:\/\/bonsai.lv\/eng\/notikumi\/\" \/>\n<meta property=\"og:locale\" content=\"en_GB\" \/>\n<meta property=\"og:type\" content=\"article\" \/>\n<meta property=\"og:title\" content=\"NOTIKUMI - Bonsai.lv\" \/>\n<meta property=\"og:description\" content=\"\u012apa\u0161i izstr\u0101d\u0101ta programma 4.\u20136. kla\u0161u skol\u0113niem, atkl\u0101jot ekosist\u0113mu nosl\u0113pumus - kop\u012bgs rado\u0161s un praktisks ce\u013cojums.\" \/>\n<meta property=\"og:url\" content=\"https:\/\/bonsai.lv\/eng\/notikumi\/\" \/>\n<meta property=\"og:site_name\" content=\"Bonsai.lv\" \/>\n<meta property=\"article:publisher\" content=\"https:\/\/www.facebook.com\/BalticPark\" \/>\n<meta property=\"article:modified_time\" content=\"2026-03-17T18:25:31+00:00\" \/>\n<meta property=\"og:image\" content=\"https:\/\/bonsai.lv\/wp-content\/uploads\/2026\/03\/stem2.jpeg\" \/>\n\t<meta property=\"og:image:width\" content=\"2048\" \/>\n\t<meta property=\"og:image:height\" content=\"1795\" \/>\n\t<meta property=\"og:image:type\" content=\"image\/jpeg\" \/>\n<meta name=\"twitter:card\" content=\"summary_large_image\" \/>\n<meta name=\"twitter:label1\" content=\"Estimated reading time\" \/>\n\t<meta name=\"twitter:data1\" content=\"1 minute\" \/>\n<script type=\"application\/ld+json\" class=\"yoast-schema-graph\">{\"@context\":\"https:\/\/schema.org\",\"@graph\":[{\"@type\":\"WebPage\",\"@id\":\"https:\/\/bonsai.lv\/notikumi\/\",\"url\":\"https:\/\/bonsai.lv\/notikumi\/\",\"name\":\"NOTIKUMI - Bonsai.lv\",\"isPartOf\":{\"@id\":\"https:\/\/bonsai.lv\/eng\/#website\"},\"primaryImageOfPage\":{\"@id\":\"https:\/\/bonsai.lv\/notikumi\/#primaryimage\"},\"image\":{\"@id\":\"https:\/\/bonsai.lv\/notikumi\/#primaryimage\"},\"thumbnailUrl\":\"https:\/\/bonsai.lv\/wp-content\/uploads\/2026\/03\/stem2-1200x1052.jpeg\",\"datePublished\":\"2026-03-17T13:46:14+00:00\",\"dateModified\":\"2026-03-17T18:25:31+00:00\",\"description\":\"\u012apa\u0161i izstr\u0101d\u0101ta programma 4.\u20136. kla\u0161u skol\u0113niem, atkl\u0101jot ekosist\u0113mu nosl\u0113pumus - kop\u012bgs rado\u0161s un praktisks ce\u013cojums.\",\"breadcrumb\":{\"@id\":\"https:\/\/bonsai.lv\/notikumi\/#breadcrumb\"},\"inLanguage\":\"en-GB\",\"potentialAction\":[{\"@type\":\"ReadAction\",\"target\":[\"https:\/\/bonsai.lv\/notikumi\/\"]}]},{\"@type\":\"ImageObject\",\"inLanguage\":\"en-GB\",\"@id\":\"https:\/\/bonsai.lv\/notikumi\/#primaryimage\",\"url\":\"https:\/\/bonsai.lv\/wp-content\/uploads\/2026\/03\/stem2-1200x1052.jpeg\",\"contentUrl\":\"https:\/\/bonsai.lv\/wp-content\/uploads\/2026\/03\/stem2-1200x1052.jpeg\"},{\"@type\":\"BreadcrumbList\",\"@id\":\"https:\/\/bonsai.lv\/notikumi\/#breadcrumb\",\"itemListElement\":[{\"@type\":\"ListItem\",\"position\":1,\"name\":\"Home\",\"item\":\"https:\/\/bonsai.lv\/\"},{\"@type\":\"ListItem\",\"position\":2,\"name\":\"NOTIKUMI\"}]},{\"@type\":\"WebSite\",\"@id\":\"https:\/\/bonsai.lv\/eng\/#website\",\"url\":\"https:\/\/bonsai.lv\/eng\/\",\"name\":\"Bonsai.lv\",\"description\":\"Tie\u0161i Tev!\",\"publisher\":{\"@id\":\"https:\/\/bonsai.lv\/eng\/#organization\"},\"potentialAction\":[{\"@type\":\"SearchAction\",\"target\":{\"@type\":\"EntryPoint\",\"urlTemplate\":\"https:\/\/bonsai.lv\/eng\/?s={search_term_string}\"},\"query-input\":{\"@type\":\"PropertyValueSpecification\",\"valueRequired\":true,\"valueName\":\"search_term_string\"}}],\"inLanguage\":\"en-GB\"},{\"@type\":\"Organization\",\"@id\":\"https:\/\/bonsai.lv\/eng\/#organization\",\"name\":\"SIA Bonsai International\",\"url\":\"https:\/\/bonsai.lv\/eng\/\",\"logo\":{\"@type\":\"ImageObject\",\"inLanguage\":\"en-GB\",\"@id\":\"https:\/\/bonsai.lv\/eng\/#\/schema\/logo\/image\/\",\"url\":\"https:\/\/bonsai.lv\/wp-content\/uploads\/2025\/02\/Bonsaipark-avatar-logo-02.jpg\",\"contentUrl\":\"https:\/\/bonsai.lv\/wp-content\/uploads\/2025\/02\/Bonsaipark-avatar-logo-02.jpg\",\"width\":2251,\"height\":2250,\"caption\":\"SIA Bonsai International\"},\"image\":{\"@id\":\"https:\/\/bonsai.lv\/eng\/#\/schema\/logo\/image\/\"},\"sameAs\":[\"https:\/\/www.facebook.com\/BalticPark\"]}]}<\/script>\n<!-- \/ Yoast SEO plugin. -->","yoast_head_json":{"title":"NOTIKUMI - Bonsai.lv","description":"\u012apa\u0161i izstr\u0101d\u0101ta programma 4.\u20136. kla\u0161u skol\u0113niem, atkl\u0101jot ekosist\u0113mu nosl\u0113pumus - kop\u012bgs rado\u0161s un praktisks ce\u013cojums.","robots":{"index":"index","follow":"follow","max-snippet":"max-snippet:-1","max-image-preview":"max-image-preview:large","max-video-preview":"max-video-preview:-1"},"canonical":"https:\/\/bonsai.lv\/eng\/notikumi\/","og_locale":"en_GB","og_type":"article","og_title":"NOTIKUMI - Bonsai.lv","og_description":"\u012apa\u0161i izstr\u0101d\u0101ta programma 4.\u20136. kla\u0161u skol\u0113niem, atkl\u0101jot ekosist\u0113mu nosl\u0113pumus - kop\u012bgs rado\u0161s un praktisks ce\u013cojums.","og_url":"https:\/\/bonsai.lv\/eng\/notikumi\/","og_site_name":"Bonsai.lv","article_publisher":"https:\/\/www.facebook.com\/BalticPark","article_modified_time":"2026-03-17T18:25:31+00:00","og_image":[{"width":2048,"height":1795,"url":"https:\/\/bonsai.lv\/wp-content\/uploads\/2026\/03\/stem2.jpeg","type":"image\/jpeg"}],"twitter_card":"summary_large_image","twitter_misc":{"Estimated reading time":"1 minute"},"schema":{"@context":"https:\/\/schema.org","@graph":[{"@type":"WebPage","@id":"https:\/\/bonsai.lv\/notikumi\/","url":"https:\/\/bonsai.lv\/notikumi\/","name":"NOTIKUMI - Bonsai.lv","isPartOf":{"@id":"https:\/\/bonsai.lv\/eng\/#website"},"primaryImageOfPage":{"@id":"https:\/\/bonsai.lv\/notikumi\/#primaryimage"},"image":{"@id":"https:\/\/bonsai.lv\/notikumi\/#primaryimage"},"thumbnailUrl":"https:\/\/bonsai.lv\/wp-content\/uploads\/2026\/03\/stem2-1200x1052.jpeg","datePublished":"2026-03-17T13:46:14+00:00","dateModified":"2026-03-17T18:25:31+00:00","description":"\u012apa\u0161i izstr\u0101d\u0101ta programma 4.\u20136. kla\u0161u skol\u0113niem, atkl\u0101jot ekosist\u0113mu nosl\u0113pumus - kop\u012bgs rado\u0161s un praktisks ce\u013cojums.","breadcrumb":{"@id":"https:\/\/bonsai.lv\/notikumi\/#breadcrumb"},"inLanguage":"en-GB","potentialAction":[{"@type":"ReadAction","target":["https:\/\/bonsai.lv\/notikumi\/"]}]},{"@type":"ImageObject","inLanguage":"en-GB","@id":"https:\/\/bonsai.lv\/notikumi\/#primaryimage","url":"https:\/\/bonsai.lv\/wp-content\/uploads\/2026\/03\/stem2-1200x1052.jpeg","contentUrl":"https:\/\/bonsai.lv\/wp-content\/uploads\/2026\/03\/stem2-1200x1052.jpeg"},{"@type":"BreadcrumbList","@id":"https:\/\/bonsai.lv\/notikumi\/#breadcrumb","itemListElement":[{"@type":"ListItem","position":1,"name":"Home","item":"https:\/\/bonsai.lv\/"},{"@type":"ListItem","position":2,"name":"NOTIKUMI"}]},{"@type":"WebSite","@id":"https:\/\/bonsai.lv\/eng\/#website","url":"https:\/\/bonsai.lv\/eng\/","name":"Bonsai.lv","description":"Tie\u0161i Tev!","publisher":{"@id":"https:\/\/bonsai.lv\/eng\/#organization"},"potentialAction":[{"@type":"SearchAction","target":{"@type":"EntryPoint","urlTemplate":"https:\/\/bonsai.lv\/eng\/?s={search_term_string}"},"query-input":{"@type":"PropertyValueSpecification","valueRequired":true,"valueName":"search_term_string"}}],"inLanguage":"en-GB"},{"@type":"Organization","@id":"https:\/\/bonsai.lv\/eng\/#organization","name":"SIA Bonsai International","url":"https:\/\/bonsai.lv\/eng\/","logo":{"@type":"ImageObject","inLanguage":"en-GB","@id":"https:\/\/bonsai.lv\/eng\/#\/schema\/logo\/image\/","url":"https:\/\/bonsai.lv\/wp-content\/uploads\/2025\/02\/Bonsaipark-avatar-logo-02.jpg","contentUrl":"https:\/\/bonsai.lv\/wp-content\/uploads\/2025\/02\/Bonsaipark-avatar-logo-02.jpg","width":2251,"height":2250,"caption":"SIA Bonsai International"},"image":{"@id":"https:\/\/bonsai.lv\/eng\/#\/schema\/logo\/image\/"},"sameAs":["https:\/\/www.facebook.com\/BalticPark"]}]}},"_links":{"self":[{"href":"https:\/\/bonsai.lv\/eng\/wp-json\/wp\/v2\/pages\/1560","targetHints":{"allow":["GET"]}}],"collection":[{"href":"https:\/\/bonsai.lv\/eng\/wp-json\/wp\/v2\/pages"}],"about":[{"href":"https:\/\/bonsai.lv\/eng\/wp-json\/wp\/v2\/types\/page"}],"author":[{"embeddable":true,"href":"https:\/\/bonsai.lv\/eng\/wp-json\/wp\/v2\/users\/2"}],"replies":[{"embeddable":true,"href":"https:\/\/bonsai.lv\/eng\/wp-json\/wp\/v2\/comments?post=1560"}],"version-history":[{"count":0,"href":"https:\/\/bonsai.lv\/eng\/wp-json\/wp\/v2\/pages\/1560\/revisions"}],"wp:attachment":[{"href":"https:\/\/bonsai.lv\/eng\/wp-json\/wp\/v2\/media?parent=1560"}],"curies":[{"name":"wp","href":"https:\/\/api.w.org\/{rel}","templated":true}]}}